{"id":3075,"date":"2023-01-06T17:13:21","date_gmt":"2023-01-06T17:13:21","guid":{"rendered":"https:\/\/theplace.craitamerelor.ro\/terms-conditions\/"},"modified":"2023-06-15T09:34:01","modified_gmt":"2023-06-15T09:34:01","slug":"terms-conditions","status":"publish","type":"page","link":"https:\/\/theplace.craitamerelor.ro\/en\/terms-conditions\/","title":{"rendered":"Terms and conditions"},"content":{"rendered":"<p><strong>TERMENI \u0218<\/strong><strong>I CONDI<\/strong><strong>\u021a<\/strong><strong>II<\/strong><\/p>\n<p>Bine ai venit! Prin efectuarea unei rezerv\u0103ri pe site-ul nostru, confirmi ca ai citit \u0219i e\u0219ti de acord cu termenii \u0219i condi\u021biile de mai jos. Ne dorim s\u0103 i\u021bi oferim o experien\u021b\u0103 unic\u0103, iar pentru asta \u00eemp\u0103rt\u0103\u0219im cu tine \u00eenc\u0103 de la \u00eenceput toate informa\u021biile utile.<\/p>\n<p><strong>REZERVAREA PROPRIET\u0102\u021aII<\/strong><\/p>\n<ul>\n<li>Numele persoanei din formularul de rezervare este singurul contact \u0219i este responsabil pentru proprietatea rezervat\u0103 \u0219i comunicarea cu noi, precum \u0219i pentru \u00eemp\u0103rt\u0103\u0219irea regulilor de ordine interioar\u0103 cu restul grupului.<\/li>\n<li>Rezerv\u0103rile online f\u0103cute cu mai pu\u021bin de 48 de ore \u00eenainte de sosire, trebuie s\u0103 fie confirmate telefonic \u00een intervalul 9:00-20:00 la numarul: +40 724 171 292 sau +40 722 598 835.<\/li>\n<li>Filmarea \u0219i fotografierea cu caracter comercial nu este permis\u0103 \u00een interiorul sau \u00een exteriorul propriet\u0103\u021bii. Pentru astfel de proiecte este necesar\u0103 solicitarea aprob\u0103rii \u00een scris din partea propietarului pe adresa <a href=\"mailto:contact@theplace.craitamerelor.ro\">contact@theplace.craitamerelor.ro<\/a> .<\/li>\n<li>Realizarea materialelor foto \/ video cu caracter obscen este STRICT INTERZIS\u0102 \u00een orice circumstan\u021b\u0103.<\/li>\n<li>Ne rezerv\u0103m dreptul de a ne selecta clien\u021bii.<\/li>\n<\/ul>\n<p>&nbsp;<\/p>\n<p>&nbsp;<\/p>\n<p><strong>CONDI\u021a<\/strong><strong>II DE REZERVARE<\/strong><\/p>\n<ol>\n<li>Rezerv\u0103rile se vor efectua direct pe site <a href=\"https:\/\/theplace.craitamerelor.ro\/en\/\">theplace.craitamerelor.ro<\/a> , prin apel telefonic la 0724 171 292 sau via email la <a href=\"mailto:rezervari@theplace.craitamerelor.ro\">rezervari@theplace.craitamerelor.ro<\/a>.<\/li>\n<li>Toate detaliile rezerv\u0103rii vor fi transmise pe email c\u0103tre solicitant, iar rezervarea va fi considerat\u0103 ferm\u0103 in momentul transmiterii dovezii pl\u0103\u021bii avansului de 30%.<\/li>\n<li>Avansul de 30% este nerambursabil in eventualitatea anul\u0103rii rezerv\u0103rii ( vezi Politica de anulare)<\/li>\n<li>Te a\u0219tept\u0103m \u00eencep\u00e2nd cu orele 14:00 \u00een ziua sosirii, iar check-out este oric\u00e2nd p\u00e2n\u0103 la ora 11:00.\u00a0 Aceste detalii se pot modifica la solicitarea ta, at\u00e2ta timp c\u00e2t este posibil.<\/li>\n<li>Un formular de \u00eenregistrare a oaspe\u021bilor va fi completat la sosire de c\u0103tre persoana care a efectuat rezervarea.<\/li>\n<li>Cheile vor fi colectate personal la sosire \u0219i vor fi returnate proprietarului \u00een ziua plec\u0103rii.<\/li>\n<li>Oaspe\u021bii sunt responsabili pentru alegerea lor de cazare, prin urmare te invit\u0103m s\u0103 vizualizezi cu aten\u021bie materialele despre proprietate disponibile pe <a href=\"https:\/\/theplace.craitamerelor.ro\/en\/\">theplace.craitamerelor.ro<\/a> , cat \u0219i informa\u021biile referitoare la num\u0103rul maxim de persoane admise \u0219i micul dejun, \u00eenainte de rezervare.<\/li>\n<li>Num\u0103rul maxim de persoane admise este de 12 adul\u021bi iar paturile extra pentru copii sunt in numar de 4 ( 2 canapele extensibile, un divan si un pat de 1 persoana). Ne rezerv\u0103m dreptul de a solicita p\u0103r\u0103sirea loca\u021biei in cazul dep\u0103\u0219irii num\u0103rului maxim de persoane adulte admise f\u0103r\u0103 acordul proprietarului.<\/li>\n<li>Persoana adult\u0103 este considerate orice persoan\u0103 peste 12 ani.<\/li>\n<li>Pentru cazarea copiilor de pana in 12 ani in paturile extensibile se va percepe o taxa de 100 ron\/pat\/sejur ( 2 nopti)<\/li>\n<li>Pentru cazarea tinerilor intre 12-14 ani in paturile extensibile se va percepe o taxa de 200 ron\/pat\/sejur ( 2 nopti)<\/li>\n<li>Cazarea copiilor cu v\u00e2rste cuprinse \u00eentre 0-7 ani se va face gratuit, dac\u0103 ace\u015ftia folosesc acela\u015fi pat cu p\u0103rin\u0163ii;<\/li>\n<li>Pentru copiii sub 2 ani exist\u0103 posibilitatea oferirii, \u00een limita disponibilit\u0103\u021bii, a unui p\u0103tu\u021b. Te rug\u0103m s\u0103 ne comunici atunci c\u00e2nd faci rezervarea dac\u0103 este nevoie de un p\u0103tu\u0163 pentru copil pentru a putea onora, \u00een limita disponibilit\u0103\u021bii, solicitarea;<\/li>\n<li>Atunci c\u00e2nd proprietatea este rezervat\u0103 pentru 4 sau mai multe nop\u021bi, este oferit serviciul gratuit de re\u00eemprosp\u0103tare, inclusiv lenjerie proasp\u0103t\u0103 \u0219i prosoape.<\/li>\n<\/ol>\n<p>&nbsp;<\/p>\n<p><strong>DREPTURILE OASPE\u021aILOR<\/strong><\/p>\n<p><strong>REGULI DE ORDINE INTERIOAR\u0102<\/strong><\/p>\n<p><strong>Oaspe\u0163ii au luat la cuno\u0219tin\u021b\u0103 urm\u0103toarele reguli \u0219i se oblig\u0103 s\u0103 le respecte:<\/strong><\/p>\n<ol>\n<li>Fumatul este strict interzis \u00een interiorul propriet\u0103\u021bii. Fumatul este permis in locurile exterioare, special amenajate, resturile de \u021bigar\u0103 arunc\u00e2ndu-se la co\u0219ul de gunoi \u0219i sub nicio form\u0103 pe jos sau \u00een livad\u0103. V\u0103 rug\u0103m s\u0103 ave\u021bi o grij\u0103 deosebit\u0103 mai ales \u00een perioadele uscate, deoarece iarba din livad\u0103 poate fi inflamabil\u0103!<\/li>\n<li>Pentru confortul \u0219i igiena casei, v\u0103 recomand\u0103m s\u0103 utiliza\u021bi papucii de cas\u0103 \u0219i s\u0103 v\u0103 scoate\u021bi \u00eenc\u0103l\u021b\u0103mintea la intrare.<\/li>\n<li>Datorit\u0103 riscului ridicat de incendiu, lum\u00e2n\u0103rile nu sunt permise \u00een vil\u0103.<\/li>\n<li>Interzis\u0103 aruncarea gunoaielor de orice fel, inclusiv mucuri de \u021big\u0103ri, \u00een alt loc dec\u00e2t co\u0219uri de gunoi sau scrumiere;<\/li>\n<li>Interzis accesul pe spa\u021biile verzi cu autovehicule de orice fel, acestea put\u00e2nd fi parcate, gratuit, \u00een spa\u021biile amenajate \u00een acest scop, dar numai pentru oaspe\u021bii care beneficiaz\u0103 de serviciile noastre;<\/li>\n<li>Interzis aprinsul focurilor de orice natur\u0103 \u00een afara spa\u021biilor amenajate \u00een acest scop, sau cu material lemnos altul dec\u00e2t cel provenit de la personalul vilei.<\/li>\n<li>Interzis\u0103 t\u0103ierea sau mutilarea florilor, arbu\u0219tilor sau copacilor de orice fel;<\/li>\n<li>Accesul cu animale in interiorul propriet\u0103\u021bii nu este permis.<\/li>\n<li>Wi-Fi-ul este oferit gratuit pentru oaspe\u021bi. De\u0219i se vor depune toate eforturile pentru a ne asigura c\u0103 Wi-Fi-ul func\u021bioneaz\u0103 conform destina\u021biei, nu putem garanta o conexiune disponibil\u0103 din cauza unor probleme de re\u021bea care nu pot fi controlate de noi. Compensa\u021bia nu va fi luat\u0103 \u00een considerare \u00een aceste circumstan\u021be, deoarece Wi-Fi este oferit gratuit.<\/li>\n<li>\u0218emineul va fi folosit strict conform instruc\u021biunilor puse la dispozi\u021bie de gazd\u0103 \u0219i nu va fi folosit pentru alte activit\u0103\u021bi precum \u00eenc\u0103lzire marshmellows. Nu ne asum\u0103m responsabilitatea \u00een cazul degaj\u0103rilor de fum datorate folosirii necorespunz\u0103toare a \u0219emineului.<\/li>\n<li>Ciub\u0103rul va fi folosit strict conform instruc\u021biunilor puse la dispozi\u021bie de personalul vilei. Nu se vor v\u0103rsa b\u0103uturi in ciub\u0103r, nu se va sari in el si se va intra obligatoriu in costum de baie. Temperatura recomandata a apei este de maxim 38 de grade.<\/li>\n<li>Locul de joaca este destinat copiilor intre 3-10 ani, iar accesul la acesta se va face sub STRICTA SUPRAVEGHERE a unui ADULT.<\/li>\n<li>Oaspe\u021bii se angajeaz\u0103 s\u0103 nu lase copiii nesupraveghea\u0163i \u00een niciunul dintre spa\u021biile interioare sau exterioare vilei Crai\u021ba Merelor The Place; orice accident produs ca urmare a nesupravegherii copiilor \u00een incinta vilei Crai\u021ba Merelor The Place, nu este responsabilitatea noastr\u0103 ci a persoanelor care \u00eenso\u0163esc copiii \u015fi sunt \u00eens\u0103rcinate de supravegherea acestora;<\/li>\n<li>Oaspe\u021bii se angajeaz\u0103 s\u0103 nu foloseasc\u0103 prosoapele sau lenjeria pentru: \u015fters p\u0103rul vopsit, pentru demachiat, cur\u0103\u021bat \u00eenc\u0103l\u021b\u0103mintea, geamantanele, pardoseala etc. Prosoapele se vor folosi pentru uz corporal. Dac\u0103 vor fi identificate prosoape sau lenjerie deteriorate de utilizarea necorespunz\u0103toare a oaspe\u021bilor, acestea se vor imputa ca daun\u0103 \u015fi se vor achita de c\u0103tre turistul r\u0103spunz\u0103tor.<\/li>\n<li>La plecare oaspe\u021bii trebuie s\u0103 opreasc\u0103 luminile \u0219i s\u0103 se asigure c\u0103 u\u0219ile \u0219i ferestrele casei sunt \u00eenchise.<\/li>\n<li>O tax\u0103 de \u00eenlocuire de 50 \u20ac se va aplica dac\u0103 cheile de proprietate au fost pierdute sau nu sunt returnate la plecare.<\/li>\n<li>Oaspe\u021bii se angajeaz\u0103 s\u0103 nu deterioreze amenajarea sau obiectele din dotarea vilei, \u00een caz contrar ace\u0219tia datoreaz\u0103 proprietarului suma egal\u0103 cu valoarea achizi\u021bion\u0103rii\/amenaj\u0103rii obiectului deteriorat \u015fi manopera aferent\u0103;<\/li>\n<li>Oaspe\u021bii se angajeaz\u0103 s\u0103 nu preia la plecare bunuri din dotarea vilei Crai\u021ba Merelor The Place;<\/li>\n<li>Oaspe\u021bii se angajeaz\u0103 s\u0103 nu intre f\u0103r\u0103 permisiunea proprietarului \u00een spa\u021biile destinate doar personalului; NU ESTE permis accesul la centrala termica.<\/li>\n<li>Oaspe\u021bii se angajeaz\u0103 s\u0103 anun\u021be c\u00e2t de repede posibil orice defec\u021biune a aparatelor, instala\u021biilor sau alte neconformit\u0103\u021bi tehnice\/mobilier din dotarea vilei;<\/li>\n<li>Orice accident produs ca urmare a utiliz\u0103rii necorespunz\u0103toare a obiectelor din dotare sau a utiliz\u0103rii facilit\u0103\u0163ilor vilei f\u0103r\u0103 respectarea normelor de Securitate corespunz\u0103toare acestora, nu este responsabilitatea noastr\u0103.<\/li>\n<li>\u00cenainte de a ie\u0219i din camer\u0103, scoate\u021bi \u00eenc\u0103rc\u0103toarele aparatelor electrice\/electronice (laptop, telefon mobil, camer\u0103 foto etc.) din prize \u0219i \u00eenchide\u021bi lumina;<\/li>\n<li>Se interzice cu des\u0103v\u00e2r\u0219ire accesul \u00een incinta vilei cu armament, arme albe sau substan\u021be lacrimogene. Conform legisla\u021biei rom\u00e2ne, consumul sau comercializarea de substan\u021be halucinogene sau psihotrope este interzis \u015fi se pedepse\u0219te;<\/li>\n<li>Nu arunca\u021bi \u00een toalet\u0103 obiecte care ar putea conduce la avarierea sta\u021biei de colectare a rezidurilor;<\/li>\n<li>Oaspe\u021bii trebuie s\u0103 p\u0103r\u0103seasc\u0103 proprietatea \u00eentr-o manier\u0103 curat\u0103 \u0219i ordonat\u0103 la plecare. Aceasta include sp\u0103larea \u0219i aruncarea resturilor de m\u00e2ncare, returnarea tuturor obiectelor \u00een pozi\u021bia ini\u021bial\u0103<\/li>\n<\/ol>\n<p>&nbsp;<\/p>\n<p>\u00cen cazul nerespect\u0103rii uneia sau mai multor aspecte din acest regulament, Crai\u021ba Merelor The place \u00ee\u0219i rezerv\u0103 dreptul de a ac\u021biona conform legii pentru \u00eenc\u0103lcarea propriet\u0103\u021bii private sau a regulilor interne ale acesteia.<\/p>\n<p>&nbsp;<\/p>\n<p><strong>MODALITATEA DE PLAT\u0102<\/strong><\/p>\n<ol>\n<li>Pl\u0103\u021bile vor fi efectuate pe site, prin intermediul platformei Stripe sau prin transfer bancar. Termenii \u0219i condi\u021biile de utilizare Stripe, precum si Politica de confiden\u021bialitate ale acestuia pot fi g\u0103site la adresa <a href=\"http:\/\/www.stripe.com\">www.stripe.com<\/a> .<\/li>\n<li>Un depozit de 30% din totalul rezerv\u0103rii, nerambursabil va fi pl\u0103tit \u00een momentul rezerv\u0103rii.<\/li>\n<li>Soldul trebuie s\u0103 fie achitat cu 5 zile \u00eenainte de sosire prin transfer bancar.<\/li>\n<\/ol>\n<p>&nbsp;<\/p>\n<p><strong>\u00a0\u00a0\u00a0\u00a0\u00a0 POLITICA DE ANULARE A REZERVARII<\/strong><\/p>\n<p>Clientul poate anula rezervarea \u00een intervalul de o s\u0103pt\u0103m\u00e2n\u0103* dup\u0103 ini\u021biere, situa\u021bie \u00een care avansul va fi returnat. Odat\u0103 ce aceast\u0103 perioad\u0103 a trecut, avansul de 30% este nerambursabil.<\/p>\n<p>*Pentru rezerv\u0103rile efectuate cu 20 de zile \u00eenainte de check-in, rezervarea se poate anula \u00een maxim 48 de ore de la efectuare, prin notificare scris\u0103.\u00a0 Odat\u0103 ce aceast\u0103 perioad\u0103 a trecut, avansul de 30% este nerambursabil.<\/p>\n<p>&nbsp;<\/p>\n<p><strong>\u00a0\u00a0\u00a0 DREPTURILE DE PROPRIETATE INTELECTUALA<\/strong><\/p>\n<p>Crai\u021ba Merelor The Place\u00a0 este protejat\u0103 prin Legea drepturilor de autor, toate drepturile fiind rezervate. \u00cen lipsa altor specifica\u021bii, toate drepturile de proprietate intelectual\u0103 (incluz\u00e2nd aici drepturile de autor \u0219i drepturile asupra bazei de date) privind m\u0103rcile comerciale, logo \u0219i toate celalalte materiale produse pentru \u0219i cu ajutorul acestui site apar\u021bin exclusiv Crai\u021ba Merelor The Place. Crai\u021ba Merelor The Place i\u0219i rezerv\u0103 drepturile privind cele men\u021bionate mai sus \u0219i ne vom exercita la nevoie aceste drepturi \u00een cadrul permis de legisla\u021bia \u00een vigoare.<\/p>\n<p>Nimic din con\u021binutul acestui site nu constituie o licen\u021b\u0103 sau dreptul de a utiliza vreo marc\u0103 comercial\u0103 Crai\u021ba Merelor The Place, logo, sau orice alte materiale prezentate pe site de c\u0103tre vizitatorii s\u0103i. Este interzis\u0103 reproducerea, distribuirea sau publicarea de materiale de pe site de c\u0103tre vreo persoan\u0103 (fizic\u0103 sau juridic\u0103) f\u0103r\u0103 acordul scris primit \u00een prealabil de la Crai\u021ba Merelor The Place. Desc\u0103rcarea sau copierea prin orice metod\u0103 a materialelor de pe site nu transfer\u0103 c\u0103tre ter\u021bi licen\u021ba aplica\u021biilor sau drepturile asupra materialelor de pe site, de\u021binute exclusiv de Crai\u021ba Merelor The Place.<\/p>\n<p>&nbsp;<\/p>\n<p><strong>CONTINUTUL SITE-ULUI<\/strong><\/p>\n<p>&nbsp;<\/p>\n<p>Crai\u021ba Merelor The Place i\u0219i rezerv\u0103 dreptul de a modifica, oric\u00e2nd \u0219i oricum, orice sec\u021biune de pe site, potrivit propriei sale opinii, f\u0103r\u0103 a fi obligat\u0103 s\u0103 justifice \u00een vreun mod modific\u0103rile, f\u0103r\u0103 nici o notificare \u00een prealabil \u0219i f\u0103r\u0103 a fi obligat s\u0103 \u00eendeplineasc\u0103 alt\u0103 formalitate fa\u021b\u0103 de vizitatori. Vizitatorii accept\u0103 \u00een mod expres c\u0103 simpla utilizare sau accesare a informa\u021biilor oferite de Crai\u021ba Merelor The Place semnific\u0103 acceptarea deplin\u0103 \u0219i necondi\u021bionat\u0103 a modific\u0103rilor operate. \u00cen orice situa\u021bie \u00een care vizitatorii au obiec\u021bii sau rezerve fa\u021b\u0103 de oricare dintre prevederile din prezentul acord, au obliga\u021bia \u0219i dreptul de a \u00eenceta utilizarea site-ului.<\/p>","protected":false},"excerpt":{"rendered":"<p>TERMENI \u0218I CONDI\u021aII Bine ai venit! Prin efectuarea unei rezerv\u0103ri pe site-ul nostru, confirmi ca ai citit \u0219i e\u0219ti de acord cu termenii \u0219i condi\u021biile de mai jos. Ne dorim s\u0103 i\u021bi oferim o experien\u021b\u0103 unic\u0103, iar pentru asta \u00eemp\u0103rt\u0103\u0219im &hellip; <a href=\"https:\/\/theplace.craitamerelor.ro\/en\/terms-conditions\/\">Read More<\/a><\/p>","protected":false},"author":1,"featured_media":0,"parent":0,"menu_order":0,"comment_status":"closed","ping_status":"closed","template":"","meta":{"footnotes":""},"class_list":["post-3075","page","type-page","status-publish","hentry"],"_links":{"self":[{"href":"https:\/\/theplace.craitamerelor.ro\/en\/wp-json\/wp\/v2\/pages\/3075","targetHints":{"allow":["GET"]}}],"collection":[{"href":"https:\/\/theplace.craitamerelor.ro\/en\/wp-json\/wp\/v2\/pages"}],"about":[{"href":"https:\/\/theplace.craitamerelor.ro\/en\/wp-json\/wp\/v2\/types\/page"}],"author":[{"embeddable":true,"href":"https:\/\/theplace.craitamerelor.ro\/en\/wp-json\/wp\/v2\/users\/1"}],"replies":[{"embeddable":true,"href":"https:\/\/theplace.craitamerelor.ro\/en\/wp-json\/wp\/v2\/comments?post=3075"}],"version-history":[{"count":3,"href":"https:\/\/theplace.craitamerelor.ro\/en\/wp-json\/wp\/v2\/pages\/3075\/revisions"}],"predecessor-version":[{"id":3410,"href":"https:\/\/theplace.craitamerelor.ro\/en\/wp-json\/wp\/v2\/pages\/3075\/revisions\/3410"}],"wp:attachment":[{"href":"https:\/\/theplace.craitamerelor.ro\/en\/wp-json\/wp\/v2\/media?parent=3075"}],"curies":[{"name":"wp","href":"https:\/\/api.w.org\/{rel}","templated":true}]}}