{"id":3073,"date":"2023-01-06T17:06:04","date_gmt":"2023-01-06T17:06:04","guid":{"rendered":"https:\/\/theplace.craitamerelor.ro\/cookie-policy-eu\/"},"modified":"2023-01-06T17:18:28","modified_gmt":"2023-01-06T17:18:28","slug":"cookie-policy-eu","status":"publish","type":"page","link":"https:\/\/theplace.craitamerelor.ro\/en\/cookie-policy-eu\/","title":{"rendered":"Cookie policy"},"content":{"rendered":"<p>Prezenta politic\u0103 are scopul de a aduce la cuno\u0219tin\u021ba utilizatorilor tipurile de cookie-uri utilizate, plasarea acestora, modalitatea \u0219i scopul de utilizare a cookie-urilor pentru site-ul https:\/\/theplace.craitamerelor.ro\/, de\u021binut de OPREA-ILIE CORINA-DANIELA INTEPRINDERE INDIVIDUALA. (denumit\u0103 \u00een continuare CRAITA MERELOR The Place), persoan\u0103 juridic\u0103 rom\u00e2n\u0103, cu sediul social \u00een Sat Aninosani,nr. 22, comuna Candesti, Jude\u021b Dambovita, \u00eenregistrat\u0103 \u00een registrul comer\u021bului sub nr. F15\/479\/04.08.2020, avand CUI 42888516.<\/p>\n<p>Prezenta politic\u0103 se completeaz\u0103 cu Politica de confiden\u021bialitate \u0219i securitate a prelucr\u0103rii datelor cu caracter personal a OPREA-ILIE CORINA-DANIELA INTEPRINDERE INDIVIDUALA. \u0219i cu legisla\u021bia relevant\u0103 \u00een vigoare.<\/p>\n<p>Prezenta politic\u0103 poate fi revizuit\u0103 de CRAITA MERELOR The Place, la anumite intervale de timp, utilizatorii urm\u00e2nd a fi anun\u021ba\u021bi \u00een mod corespunz\u0103tor, dac\u0103 apar astfel de modific\u0103ri.<\/p>\n<p><strong>Ce sunt cookie-urile?<\/strong><\/p>\n<p>Cookie-urile sunt fi\u0219iere de mici dimensiuni, cu format alfa \u2013 numeric, care au un identificator unic, stocat pe hard-disk-ul sau \u00een browser-ul echipamentului folosit (desktop, tablet\u0103, smartphone, laptop, etc) de utilizator.<\/p>\n<p>De\u0219i anumite programe antivirus \u0219i anti-spyware le pot detecta, cookie-urile nu sunt spyware sau viru\u0219i informatici, \u00een realitate acestea reprezent\u00e2nd doar texte, care nu pot executa nicio opera\u021bie, nu pot auto-rula \u0219i nu pot fi executate.<\/p>\n<p>Cookie-urile ajut\u0103 site-ul s\u0103 func\u021bioneze mai eficient pe dispozitivul utilizatorului si furnizeaz\u0103 informa\u021bii statistice administratorului site-ului pentru a fi informat \u00een mod adecvat cu privire la \u00eembun\u0103t\u0103\u021birea acestuia, \u00een scopul adapt\u0103rii la cerin\u021bele, preferin\u021bele \u0219i interesele utilizatorului.<\/p>\n<p><strong>Care sunt datele colectate prin cookie-uri?<\/strong><\/p>\n<p>De\u0219i exist\u0103 anumite cookie-uri (pentru marketing, statistic\u0103, preferin\u021be) care pot colecta date personale ale utilizatorului, respectiv adres\u0103 IP, majoritatea cookie-urilor nu colecteaz\u0103 date cu caracter personal ale utilizatorului site-ului.<\/p>\n<p>Niciunul din cookie-urile utilizate pe site-u https:\/\/theplace.craitamerelor.ro\/ nu stocheaz\u0103 date cu caracter personal ale utilizatorului,\u00a0 \u00een sensul regulamentului GDPR, respectiv adres\u0103, nume \u0219i prenume, etc.<\/p>\n<p>Cu toate acestea, pentru siguran\u021ba utilizatorului, CRAITA MERELOR The Place precizeaz\u0103 faptul c\u0103, toate datele colectate prin intermediul cookie-urilor sunt criptate \u00eentr-un mod care face imposibl accesul persoanelor neautorizate la acestea.<\/p>\n<p><strong>Care sunt avantajele folosirii cookie-urilor?<\/strong><\/p>\n<p>\u00cen momentul \u00een care un anumit utilizator folose\u0219te\/viziteaz\u0103 site-ul https:\/\/theplace.craitamerelor.ro\/, serverul stocheaz\u0103 anumite cookie-uri \u00een browser-ul dispozitivului s\u0103u. Odat\u0103 cu plasarea acestor cookie-uri, la orice alt\u0103 vizit\u0103 ulterioar\u0103 pe site, serverul poate \u00eenc\u0103rca o anumit\u0103 configura\u021bie a site-ului, astfel \u00eenc\u00e2t aceast\u0103 s\u0103 corespund\u0103 nevoilor utilizatorului.<\/p>\n<p>Practic, importan\u021ba utiliz\u0103rii \u0219i instal\u0103rii cookie-urilor rezid\u0103 din faptul c\u0103 acestea (i) pot oferi con\u021binut \u0219i servicii adaptate preferin\u021bei utilizatorului, (ii) pot ajuta utilizatorul s\u0103 navigheze mai u\u0219or, (iii) pot re\u021bine configura\u021bia anumitor filtre de protec\u021bie (de ex. pentru copii), (iv) pot limita frecven\u021ba de difuzare a reclamelor pe site, (v) pot ajuta la furnizarea de publicitate relevant\u0103 pentru utilizator \u0219i, deasemenea (vi) pot m\u0103sura \u0219i optimiza traficul pe un site.<\/p>\n<p><strong>Activarea, dezactivarea, \u0219tergerea cookie-urilor<\/strong><\/p>\n<p>Cookie-urile pot fi controlate, activate, dezactivate sau \u0219terse de utilizator, care are posibilitatea de a seta manual preferin\u021bele sale, accept\u00e2nd sau refuz\u00e2nd cookie-urile, la fiecare vizit\u0103 pe sote-ul https:\/\/theplace.craitamerelor.ro\/.<\/p>\n<p>CRAITA MERELOR The Place pune \u00een vederea utilizatorilor faptul c\u0103, exist\u0103 posibilitatea ca, dezactivarea sau refuzarea anumitor cookie-uri poate genera ca site-ul https:\/\/theplace.craitamerelor.ro\/ (anumite servicii sau func\u021biuni ale acestuia) s\u0103 fie impracticabil sau dificil de folosit.<\/p>\n<p>Mai multe informa\u021bii referitoare la modul de gestionare a cookie-urilor se reg\u0103sesc la urm\u0103toarele adrese:<\/p>\n<p>Google Chrome<br \/>\nhttps:\/\/support.google.com\/chrome\/answer\/95647<\/p>\n<p>Mozilla Firefox<br \/>\nhttps:\/\/support.mozilla.org\/en-US\/kb\/enable-and-disable-cookies-website-preferences<\/p>\n<p>Internet Explorer<br \/>\nhttps:\/\/support.microsoft.com\/en-us\/help\/17442\/windows-internet-explorer-delete-manage-cookies<\/p>\n<p>Safari<br \/>\nhttps:\/\/support.apple.com\/kb\/PH21411<\/p>\n<p>Opera<br \/>\nhttp:\/\/www.opera.com\/help\/tutorials\/security\/cookies\/<\/p>\n<p>Informa\u021bii, \u00eentreb\u0103ri sau reclama\u021bii<\/p>\n<p>Pentru mai multe informa\u021bii privind datele cu caracter personal colectate de CRAITA MERELOR The Place v\u0103 rug\u0103m s\u0103 accesa\u021bi Politica de confiden\u021bialitate \u0219i securitate a prelucr\u0103rii datelor cu caracter personal.<\/p>\n<p>Pentru \u00eentreb\u0103ri sau reclama\u021bii, v\u0103 rug\u0103m s\u0103 v\u0103 adresa\u021bi c\u0103tre CRAITA MERELOR The Place, cu o cerere scris\u0103, datat\u0103 \u015fi semnat\u0103, fie transmis\u0103 prin coresponden\u021b\u0103 electronic\u0103, la adresa de email: contact@craitamerelor.ro , fie prin po\u0219t\u0103, la adresa: Sat Aninosani,nr. 22, comuna Candesti, Jude\u021b Dambovita<\/p>\n<p>&nbsp;<\/p>","protected":false},"excerpt":{"rendered":"<p>Prezenta politic\u0103 are scopul de a aduce la cuno\u0219tin\u021ba utilizatorilor tipurile de cookie-uri utilizate, plasarea acestora, modalitatea \u0219i scopul de utilizare a cookie-urilor pentru site-ul https:\/\/theplace.craitamerelor.ro\/, de\u021binut de OPREA-ILIE CORINA-DANIELA INTEPRINDERE INDIVIDUALA. (denumit\u0103 \u00een continuare CRAITA MERELOR The Place), persoan\u0103 &hellip; <a href=\"https:\/\/theplace.craitamerelor.ro\/en\/cookie-policy-eu\/\">Read More<\/a><\/p>","protected":false},"author":1,"featured_media":0,"parent":0,"menu_order":0,"comment_status":"closed","ping_status":"closed","template":"","meta":{"footnotes":""},"class_list":["post-3073","page","type-page","status-publish","hentry"],"_links":{"self":[{"href":"https:\/\/theplace.craitamerelor.ro\/en\/wp-json\/wp\/v2\/pages\/3073","targetHints":{"allow":["GET"]}}],"collection":[{"href":"https:\/\/theplace.craitamerelor.ro\/en\/wp-json\/wp\/v2\/pages"}],"about":[{"href":"https:\/\/theplace.craitamerelor.ro\/en\/wp-json\/wp\/v2\/types\/page"}],"author":[{"embeddable":true,"href":"https:\/\/theplace.craitamerelor.ro\/en\/wp-json\/wp\/v2\/users\/1"}],"replies":[{"embeddable":true,"href":"https:\/\/theplace.craitamerelor.ro\/en\/wp-json\/wp\/v2\/comments?post=3073"}],"version-history":[{"count":2,"href":"https:\/\/theplace.craitamerelor.ro\/en\/wp-json\/wp\/v2\/pages\/3073\/revisions"}],"predecessor-version":[{"id":3078,"href":"https:\/\/theplace.craitamerelor.ro\/en\/wp-json\/wp\/v2\/pages\/3073\/revisions\/3078"}],"wp:attachment":[{"href":"https:\/\/theplace.craitamerelor.ro\/en\/wp-json\/wp\/v2\/media?parent=3073"}],"curies":[{"name":"wp","href":"https:\/\/api.w.org\/{rel}","templated":true}]}}