{"id":2384,"date":"2022-01-10T09:34:22","date_gmt":"2022-01-10T09:34:22","guid":{"rendered":"https:\/\/theplace.craitamerelor.ro\/?page_id=2384"},"modified":"2022-01-10T09:51:07","modified_gmt":"2022-01-10T09:51:07","slug":"articole","status":"publish","type":"page","link":"https:\/\/theplace.craitamerelor.ro\/en\/articole\/","title":{"rendered":"Blog"},"content":{"rendered":"<div data-elementor-type=\"wp-page\" data-elementor-id=\"2384\" class=\"elementor elementor-2384\" data-elementor-post-type=\"page\">\n\t\t\t\t\t\t<section class=\"elementor-section elementor-top-section elementor-element elementor-element-7bd88cd5 elementor-section-height-min-height elementor-section-items-bottom elementor-section-boxed elementor-section-height-default\" data-id=\"7bd88cd5\" data-element_type=\"section\" data-e-type=\"section\" data-settings=\"{&quot;background_background&quot;:&quot;classic&quot;}\">\n\t\t\t\t\t\t\t<div class=\"elementor-background-overlay\"><\/div>\n\t\t\t\t\t\t\t<div class=\"elementor-container elementor-column-gap-default\">\n\t\t\t\t\t<div class=\"elementor-column elementor-col-50 elementor-top-column elementor-element elementor-element-5dfc3f02\" data-id=\"5dfc3f02\" data-element_type=\"column\" data-e-type=\"column\">\n\t\t\t<div class=\"elementor-widget-wrap elementor-element-populated\">\n\t\t\t\t\t\t<div class=\"elementor-element elementor-element-5ae0048b elementor-view-default elementor-position-top elementor-widget elementor-widget-themo-header\" data-id=\"5ae0048b\" data-element_type=\"widget\" data-e-type=\"widget\" data-widget_type=\"themo-header.default\">\n\t\t\t\t<div class=\"elementor-widget-container\">\n\t\t\t\t\t\t\t<div class=\"th-header-wrap\">\n        <div class=\"elementor-icon-box-wrapper\">\n                            <div class=\"elementor-icon-box-content\">\n                    <h1 class=\"elementor-icon-box-title\">\n                        Blog                    <\/h1>\n                                        <p class=\"elementor-icon-box-description\"><\/p>\n\n                                    <\/div>\n            <\/div>\n\n        <\/div>\n\n\t\t\t\t\t\t<\/div>\n\t\t\t\t<\/div>\n\t\t\t\t\t<\/div>\n\t\t<\/div>\n\t\t\t\t<div class=\"elementor-column elementor-col-50 elementor-top-column elementor-element elementor-element-5e04c9a\" data-id=\"5e04c9a\" data-element_type=\"column\" data-e-type=\"column\" data-settings=\"{&quot;background_background&quot;:&quot;classic&quot;}\">\n\t\t\t<div class=\"elementor-widget-wrap\">\n\t\t\t\t\t\t\t<\/div>\n\t\t<\/div>\n\t\t\t\t\t<\/div>\n\t\t<\/section>\n\t\t\t\t<section class=\"elementor-section elementor-top-section elementor-element elementor-element-652c826 elementor-section-boxed elementor-section-height-default elementor-section-height-default\" data-id=\"652c826\" data-element_type=\"section\" data-e-type=\"section\">\n\t\t\t\t\t\t<div class=\"elementor-container elementor-column-gap-default\">\n\t\t\t\t\t<div class=\"elementor-column elementor-col-100 elementor-top-column elementor-element elementor-element-c5b370a\" data-id=\"c5b370a\" data-element_type=\"column\" data-e-type=\"column\">\n\t\t\t<div class=\"elementor-widget-wrap elementor-element-populated\">\n\t\t\t\t\t\t<div class=\"elementor-element elementor-element-1c3f6c4 elementor-widget elementor-widget-spacer\" data-id=\"1c3f6c4\" data-element_type=\"widget\" data-e-type=\"widget\" data-widget_type=\"spacer.default\">\n\t\t\t\t<div class=\"elementor-widget-container\">\n\t\t\t\t\t\t\t<div class=\"elementor-spacer\">\n\t\t\t<div class=\"elementor-spacer-inner\"><\/div>\n\t\t<\/div>\n\t\t\t\t\t\t<\/div>\n\t\t\t\t<\/div>\n\t\t\t\t\t<\/div>\n\t\t<\/div>\n\t\t\t\t\t<\/div>\n\t\t<\/section>\n\t\t\t\t<section class=\"elementor-section elementor-top-section elementor-element elementor-element-e19b631 elementor-section-boxed elementor-section-height-default elementor-section-height-default\" data-id=\"e19b631\" data-element_type=\"section\" data-e-type=\"section\">\n\t\t\t\t\t\t<div class=\"elementor-container elementor-column-gap-default\">\n\t\t\t\t\t<div class=\"elementor-column elementor-col-100 elementor-top-column elementor-element elementor-element-da7bb74\" data-id=\"da7bb74\" data-element_type=\"column\" data-e-type=\"column\">\n\t\t\t<div class=\"elementor-widget-wrap elementor-element-populated\">\n\t\t\t\t\t\t<div class=\"elementor-element elementor-element-8d75266 elementor-grid-3 elementor-grid-tablet-2 elementor-grid-mobile-1 elementor-posts--thumbnail-top elementor-widget elementor-widget-posts\" data-id=\"8d75266\" data-element_type=\"widget\" data-e-type=\"widget\" data-settings=\"{&quot;classic_columns&quot;:&quot;3&quot;,&quot;classic_columns_tablet&quot;:&quot;2&quot;,&quot;classic_columns_mobile&quot;:&quot;1&quot;,&quot;classic_row_gap&quot;:{&quot;unit&quot;:&quot;px&quot;,&quot;size&quot;:35,&quot;sizes&quot;:[]},&quot;classic_row_gap_tablet&quot;:{&quot;unit&quot;:&quot;px&quot;,&quot;size&quot;:&quot;&quot;,&quot;sizes&quot;:[]},&quot;classic_row_gap_mobile&quot;:{&quot;unit&quot;:&quot;px&quot;,&quot;size&quot;:&quot;&quot;,&quot;sizes&quot;:[]}}\" data-widget_type=\"posts.classic\">\n\t\t\t\t<div class=\"elementor-widget-container\">\n\t\t\t\t\t\t\t<div class=\"elementor-posts-container elementor-posts elementor-posts--skin-classic elementor-grid\" role=\"list\">\n\t\t\t\t<article class=\"elementor-post elementor-grid-item post-2411 post type-post status-publish format-standard has-post-thumbnail hentry category-uncategorized\" role=\"listitem\">\n\t\t\t\t<a class=\"elementor-post__thumbnail__link\" href=\"https:\/\/theplace.craitamerelor.ro\/en\/zf-agropower-corina-oprea-fondatoare-craita-merelor\/\" tabindex=\"-1\" >\n\t\t\t<div class=\"elementor-post__thumbnail\"><img fetchpriority=\"high\" decoding=\"async\" width=\"240\" height=\"300\" src=\"https:\/\/theplace.craitamerelor.ro\/wp-content\/uploads\/2022\/01\/8ebdee04-e5c8-40dc-86b3-b5329bd061ed-240x300.jpg\" class=\"attachment-medium size-medium wp-image-2412\" alt=\"\" srcset=\"https:\/\/theplace.craitamerelor.ro\/wp-content\/uploads\/2022\/01\/8ebdee04-e5c8-40dc-86b3-b5329bd061ed-240x300.jpg 240w, https:\/\/theplace.craitamerelor.ro\/wp-content\/uploads\/2022\/01\/8ebdee04-e5c8-40dc-86b3-b5329bd061ed-80x100.jpg 80w, https:\/\/theplace.craitamerelor.ro\/wp-content\/uploads\/2022\/01\/8ebdee04-e5c8-40dc-86b3-b5329bd061ed-64x80.jpg 64w, https:\/\/theplace.craitamerelor.ro\/wp-content\/uploads\/2022\/01\/8ebdee04-e5c8-40dc-86b3-b5329bd061ed-242x303.jpg 242w, https:\/\/theplace.craitamerelor.ro\/wp-content\/uploads\/2022\/01\/8ebdee04-e5c8-40dc-86b3-b5329bd061ed-560x700.jpg 560w, https:\/\/theplace.craitamerelor.ro\/wp-content\/uploads\/2022\/01\/8ebdee04-e5c8-40dc-86b3-b5329bd061ed.jpg 600w\" sizes=\"(max-width: 240px) 100vw, 240px\" \/><\/div>\n\t\t<\/a>\n\t\t\t\t<div class=\"elementor-post__text\">\n\t\t\t\t<h3 class=\"elementor-post__title\">\n\t\t\t<a href=\"https:\/\/theplace.craitamerelor.ro\/en\/zf-agropower-corina-oprea-fondatoare-craita-merelor\/\" >\n\t\t\t\tZF Agropower. Corina Oprea, fondatoare, Cr\u0103i\u0163a Merelor&#8230;\t\t\t<\/a>\n\t\t<\/h3>\n\t\t\t\t<div class=\"elementor-post__meta-data\">\n\t\t\t\t\t<span class=\"elementor-post-date\">\n\t\t\tJanuary 10, 2022\t\t<\/span>\n\t\t\t\t<\/div>\n\t\t\t\t<div class=\"elementor-post__excerpt\">\n\t\t\t<p>Am dezvoltat \u00een livada cu meri \u015fi o pensiune cu o capacitate de cazare de 12 \u2013 16 persoane care poate fi \u015fi spa\u0163iu de munc\u0103 pentru corporati\u015fti \u201eAm creat pensiunea astfel \u00eenc\u00e2t s\u0103 permit\u0103 lucrul de acas\u0103, fiecare camer\u0103<\/p>\n\t\t<\/div>\n\t\t\n\t\t<a class=\"elementor-post__read-more\" href=\"https:\/\/theplace.craitamerelor.ro\/en\/zf-agropower-corina-oprea-fondatoare-craita-merelor\/\" aria-label=\"Read more about ZF Agropower. Corina Oprea, fondatoare, Cr\u0103i\u0163a Merelor&#8230;\" tabindex=\"-1\" >\n\t\t\tCite\u0219te mai mult \u00bb\t\t<\/a>\n\n\t\t\t\t<\/div>\n\t\t\t\t<\/article>\n\t\t\t\t<\/div>\n\t\t\n\t\t\t\t\t\t<\/div>\n\t\t\t\t<\/div>\n\t\t\t\t\t<\/div>\n\t\t<\/div>\n\t\t\t\t\t<\/div>\n\t\t<\/section>\n\t\t\t\t<\/div>","protected":false},"excerpt":{"rendered":"<p>Blog<\/p>","protected":false},"author":1,"featured_media":0,"parent":0,"menu_order":0,"comment_status":"closed","ping_status":"closed","template":"","meta":{"footnotes":""},"class_list":["post-2384","page","type-page","status-publish","hentry"],"_links":{"self":[{"href":"https:\/\/theplace.craitamerelor.ro\/en\/wp-json\/wp\/v2\/pages\/2384","targetHints":{"allow":["GET"]}}],"collection":[{"href":"https:\/\/theplace.craitamerelor.ro\/en\/wp-json\/wp\/v2\/pages"}],"about":[{"href":"https:\/\/theplace.craitamerelor.ro\/en\/wp-json\/wp\/v2\/types\/page"}],"author":[{"embeddable":true,"href":"https:\/\/theplace.craitamerelor.ro\/en\/wp-json\/wp\/v2\/users\/1"}],"replies":[{"embeddable":true,"href":"https:\/\/theplace.craitamerelor.ro\/en\/wp-json\/wp\/v2\/comments?post=2384"}],"version-history":[{"count":16,"href":"https:\/\/theplace.craitamerelor.ro\/en\/wp-json\/wp\/v2\/pages\/2384\/revisions"}],"predecessor-version":[{"id":2416,"href":"https:\/\/theplace.craitamerelor.ro\/en\/wp-json\/wp\/v2\/pages\/2384\/revisions\/2416"}],"wp:attachment":[{"href":"https:\/\/theplace.craitamerelor.ro\/en\/wp-json\/wp\/v2\/media?parent=2384"}],"curies":[{"name":"wp","href":"https:\/\/api.w.org\/{rel}","templated":true}]}}